{"id":166,"date":"2015-05-28T12:05:12","date_gmt":"2015-05-28T10:05:12","guid":{"rendered":"http:\/\/www.ristorantedeipescatori.it\/?page_id=166"},"modified":"2015-06-25T11:37:04","modified_gmt":"2015-06-25T09:37:04","slug":"cookie-policy","status":"publish","type":"page","link":"http:\/\/www.ristorantedeipescatori.it\/?page_id=166","title":{"rendered":"Cookie policy"},"content":{"rendered":"<p style=\"text-align: justify;\">La presente Cookie Policy ha lo scopo di illustrare i tipi e le categorie di cookie, le finalit\u00e0 e le modalit\u00e0 di utilizzo dei cookie da parte del <strong>Ristorante Pizzeria dei Pescatori<\/strong>\u00a0titolare del trattamento e del sito, con sede a Ranzanico al Lago, nonch\u00e9 di fornire indicazioni agli utenti circa le azioni per rifiutare o eliminare i cookie presenti sul proprio sito.<br \/>\nLa presente Cookie Policy costituisce parte integrante dell\u2019Informativa privacy presente nel sito (consultabile dal link in calce al sito). L\u2019utente potr\u00e0 esercitare i diritti previsti dall\u2019art. 7 del d.lgs. 196\/03, scrivendo all&#8217;indirizzo info@ristorantedeipescatori.it, mentre per modificare le impostazioni sui cookie potr\u00e0 procedere seguendo le indicazioni presenti in questa Cookie Policy.<\/p>\n<p style=\"text-align: justify;\"><strong>Che cosa sono i cookie?<\/strong><strong><br \/>\n<\/strong>I cookie sono costituiti da porzioni di codice (file informatici o dati parziali) inviate da un server al browser Internet dell\u2019utente, da detto browser memorizzati automaticamente sul computer dell\u2019utente e rinviati automaticamente al server ad ogni occorrenza o successivo accesso al sito. Solitamente un cookie contiene il nome del sito internet dal quale il cookie stesso proviene, la durata vitale del cookie (ovvero per quanto tempo rimarr\u00e0 sul dispositivo dell\u2019utente) ed un valore, che di regola \u00e8 un numero unico generato in modo casuale. Ad ogni visita successiva i cookie sono rinviati al sito web che li ha originati (cookie di prime parti) o a un altro sito che li riconosce (cookie di terze parti). I cookie sono utili perch\u00e9 consentono a un sito web di riconoscere il dispositivo dell\u2019utente e hanno diverse finalit\u00e0 come, per esempio, consentire di navigare efficientemente tra le pagine, ricordare i siti preferiti e, in generale, migliorare l&#8217;esperienza di navigazione. Contribuiscono anche a garantire che i contenuti pubblicitari visualizzati online siano pi\u00f9 mirati ad un utente e ai suoi interessi.<\/p>\n<p style=\"text-align: justify;\">Se l\u2019utente decide di disabilitare i cookie, ci\u00f2 potrebbe influenzare e\/o limitare la sua esperienza di navigazione all&#8217;interno dei Siti, per esempio potrebbe non essere in grado di visitare determinate sezioni di un Sito o potrebbe non ricevere informazioni personalizzate quando visita i Siti.<\/p>\n<p style=\"text-align: justify;\"><strong>Quali tipologie e categorie di cookie pu\u00f2 utilizzare questo sito e per quali finalit\u00e0?<\/strong><strong><br \/>\n<\/strong>I Siti utilizzano diverse tipologie di cookie ognuna delle quali ha una specifica funzione. Il titolare del sito utilizza i cookie per rendere l\u2019uso dei Siti pi\u00f9 semplice e per meglio adattare sia i Siti che i propri prodotti agli interessi e ai bisogni degli utenti. I cookie possono essere usati anche per velocizzare le future esperienze e le attivit\u00e0 degli utenti sui Siti.<\/p>\n<p style=\"text-align: justify;\">Di seguito un elenco esplicativo.<\/p>\n<p style=\"text-align: justify;\"><u>Cookie tecnici<br \/>\n<\/u>I cookie \u201ctecnici\u201d sono essenziali per il corretto funzionamento dei Siti e consentono agli utenti di navigare sui Siti e di sfruttarne le caratteristiche (ad esempio consentono la memorizzazione di azioni precedenti o permettono di salvare la sessione dell\u2019utente e\/o di svolgere altre attivit\u00e0 strettamente necessarie al funzionamento dei Siti).<\/p>\n<p style=\"text-align: justify;\">A questa categoria appartengono anche i cookie \u201canalitici\u201d che aiutano il titolare del sito a capire come gli utenti interagiscono con i Siti fornendo informazioni relative all&#8217;ultima pagina visitata, il numero di sezioni e pagine visitate, al tempo trascorso sui Siti e ad ogni vicenda sia emersa nel corso della navigazione, come ad esempio un messaggio di errore, e aiutano a comprendere ogni difficolt\u00e0 che l\u2019utente incontra nell&#8217;utilizzo dei Siti. Queste informazioni potrebbero essere associate a dettagli dell\u2019utente quali indirizzo IP, dominio o browser; tuttavia, vengono analizzate insieme a informazioni di altri utenti in modo da non identificare un determinato utente rispetto all&#8217;altro. Questi cookie vengono raccolti e aggregati in forma anonima e consentono al titolare del sito di migliorare la resa dei Siti.<\/p>\n<p style=\"text-align: justify;\">Infine, i cookie di \u201cfunzionalit\u00e0\u201d permettono ai Siti di ricordare le scelte dell\u2019utente (per esempio il nome utente) per fornire a quest\u2019ultimo una navigazione pi\u00f9 personalizzata ed ottimizzata. I cookie funzionali non sono indispensabili al funzionamento dei Siti, ma ne migliorano la qualit\u00e0 e l&#8217;esperienza di navigazione. Se non si accettano questi cookie, la resa e la funzionalit\u00e0 dei Siti potrebbero risultare inferiori e l\u2019accesso ai contenuti dei Siti potrebbe risultare limitato.<\/p>\n<p style=\"text-align: justify;\"><u>Cookie di profilazione e cookie di terze parti<br \/>\n<\/u>Il sito Ristorante dei Pescatori\u00a0utilizza esclusivamente cookie tecnici e non i\u00a0cookie di profilazione o da terze parti.<\/p>\n<p style=\"text-align: justify;\"><strong>Come funzionano e come si eliminano i cookie?<\/strong><strong><br \/>\n<\/strong>Le modalit\u00e0 di funzionamento nonch\u00e9 le opzioni per limitare o bloccare i cookie, possono essere regolate modificando le impostazioni del proprio browser internet. La maggioranza dei browser internet sono inizialmente impostati per accettare i cookie in modo automatico, l\u2019utente pu\u00f2 tuttavia modificare queste impostazioni per bloccare i cookie o per essere avvertito ogniqualvolta dei cookie vengano inviati al suo dispositivo. Esistono diversi modi per gestire i cookie, a tal fine occorre fare riferimento al manuale di istruzioni o alla schermata di aiuto del proprio browser per verificare come regolare o modificare le impostazioni dello stesso. L\u2019utente \u00e8 abilitato, infatti, a modificare la configurazione predefinita e disabilitare i cookie (cio\u00e8 bloccarli in via definitiva), impostando il livello di protezione pi\u00f9 elevato.<\/p>\n<p style=\"text-align: justify;\"><strong>Come disabilitare i cookie mediante configurazione del browser.<\/strong><\/p>\n<ul style=\"text-align: justify;\">\n<li>Chrome<br \/>\nEseguire il Browser Chrome<br \/>\nFare click sul men\u00f9 presente nella barra degli strumenti del browser a fianco della finestra di inserimento url per la navigazione<br \/>\nSelezionare Impostazioni<br \/>\nFare clic su Mostra Impostazioni Avanzate<br \/>\nNella sezione &#8220;Privacy&#8221; fare clic su bottone &#8220;Impostazioni contenuti&#8221;<br \/>\nNella sezione &#8220;Cookie&#8221; \u00e8 possibile modificare le seguenti impostazioni relative ai cookie:<br \/>\nConsentire il salvataggio dei dati in locale<br \/>\nModificare i dati locali solo fino alla chiusura del browser<br \/>\nImpedire ai siti di impostare i cookie<br \/>\nBloccare i cookie di terze parti e i dati dei siti<br \/>\nGestire le eccezioni per alcuni siti internet<br \/>\nEliminazione di uno o tutti i cookie<br \/>\nPer maggiori informazioni visita la\u00a0<a href=\"https:\/\/support.google.com\/accounts\/answer\/61416?hl=it\">pagina dedicata<\/a>.<\/li>\n<li>Mozilla Firefox<br \/>\nEseguire il Browser Mozilla Firefox<br \/>\nFare click sul men\u00f9 \u00a0 presente nella barra degli strumenti del browser a fianco della finestra di inserimento url per la navigazione<br \/>\nSelezionare Opzioni<br \/>\nSeleziona il pannello Privacy<br \/>\nFare clic su Mostra Impostazioni Avanzate<br \/>\nNella sezione &#8220;Privacy&#8221; fare clic su bottone &#8220;Impostazioni contenuti&#8221;<br \/>\nNella sezione &#8220;Tracciamento&#8221; \u00e8 possibile modificare le seguenti impostazioni relative ai cookie:<br \/>\nRichiedi ai siti di non effettuare alcun tracciamento<br \/>\nComunica ai siti la disponibilit\u00e0 ad essere tracciato<br \/>\nNon comunicare alcuna preferenza relativa al tracciamento dei dati personali<br \/>\nDalla sezione &#8220;Cronologia&#8221; \u00e8 possibile:<br \/>\nAbilitando &#8220;Utilizza impostazioni personalizzate&#8221; selezionare di accettare i cookie di terze parti (sempre, dai siti pi\u00f9 visitato o mai) e di conservarli per un periodo determinato (fino alla loro scadenza, alla chiusura di Firefox o di chiedere ogni volta)<br \/>\nRimuovere i singoli cookie immagazzinati<br \/>\nPer maggiori informazioni visita la\u00a0<a href=\"https:\/\/support.mozilla.org\/it\/kb\/Attivare%20e%20disattivare%20i%20cookie\">pagina dedicata<\/a>.<\/li>\n<li>Internet Explorer<br \/>\nEseguire il Browser Internet Explorer<br \/>\nFare click sul pulsante Strumenti e scegliere Opzioni Internet<br \/>\nFare click sulla scheda Privacy e nella sezione Impostazioni modificare il dispositivo di scorrimento in funzione dell&#8217;azione desiderata per i cookie:<br \/>\nBloccare tutti i cookie<br \/>\nConsentire tutti i cookie<br \/>\nSelezione dei siti da cui ottenere cookie: spostare il cursore in una posizione intermedia in modo da non bloccare o consentire tutti i cookie, premere quindi su Siti, nella casella Indirizzo Sito Web inserire un sito internet e quindi premere su Blocca o Consenti<br \/>\nPer maggiori informazioni visita la\u00a0<a href=\"http:\/\/windows.microsoft.com\/it-it\/windows-vista\/block-or-allow-cookies\">pagina dedicata<\/a>.<\/li>\n<li>Safari 6<br \/>\nEseguire il Browser Safari<br \/>\nFare click su Safari, selezionare Preferenze e premere su Privacy<br \/>\nNella sezione Blocca Cookie specificare come Safari deve accettare i cookie dai siti internet.<br \/>\nPer visionare quali siti hanno immagazzinato i cookie cliccare su Dettagli<br \/>\nPer maggiori informazioni visita la\u00a0<a href=\"https:\/\/support.apple.com\/kb\/PH17191?locale=it_IT&amp;viewlocale=it_IT\">pagina dedicata<\/a>.<\/li>\n<li>Safari iOS (dispositivi mobile)<br \/>\nEseguire il Browser Safari iOS<br \/>\nTocca su Impostazioni e poi Safari<br \/>\nTocca su Blocca Cookie e scegli tra le varie opzioni: &#8220;Mai&#8221;, &#8220;Di terze parti e inserzionisti&#8221; o &#8220;Sempre&#8221;<br \/>\nPer cancellare tutti i cookie immagazzinati da Safari, tocca su Impostazioni, poi su Safari e infine su Cancella Cookie e dati<br \/>\nPer maggiori informazioni visita la\u00a0<a href=\"https:\/\/support.apple.com\/it-it\/HT201265\">pagina dedicata<\/a>.<\/li>\n<li>Opera<br \/>\nEseguire il Browser Opera<br \/>\nFare click sul Preferenze poi su Avanzate e infine su Cookie<br \/>\nSelezionare una delle seguenti opzioni:<br \/>\nAccetta tutti i cookie<br \/>\nAccetta i cookie solo dal sito che si visita: i cookie di terze parti e che vengono inviati da un dominio diverso da quello che si sta visitando verranno rifiutati<br \/>\nNon accettare mai i cookie: tutti i cookie non verranno mai salvati<br \/>\nPer maggiori informazioni visita la\u00a0<a href=\"http:\/\/help.opera.com\/Windows\/10.00\/it\/cookies.html\">pagina dedicata<\/a>.<\/li>\n<\/ul>\n<p style=\"text-align: justify;\">\n","protected":false},"excerpt":{"rendered":"<p>La presente Cookie Policy ha lo scopo di illustrare i tipi e le categorie di cookie, le finalit\u00e0 e le modalit\u00e0 di utilizzo dei cookie da parte del Ristorante Pizzeria dei Pescatori\u00a0titolare del trattamento e del sito, con sede a &hellip; <a class=\"more-link\" href=\"http:\/\/www.ristorantedeipescatori.it\/?page_id=166\">Continua a leggere<span class=\"meta-nav\">&rarr;<\/span><\/a><\/p>\n","protected":false},"author":1,"featured_media":0,"parent":0,"menu_order":90,"comment_status":"closed","ping_status":"closed","template":"","meta":[],"_links":{"self":[{"href":"http:\/\/www.ristorantedeipescatori.it\/index.php?rest_route=\/wp\/v2\/pages\/166"}],"collection":[{"href":"http:\/\/www.ristorantedeipescatori.it\/index.php?rest_route=\/wp\/v2\/pages"}],"about":[{"href":"http:\/\/www.ristorantedeipescatori.it\/index.php?rest_route=\/wp\/v2\/types\/page"}],"author":[{"embeddable":true,"href":"http:\/\/www.ristorantedeipescatori.it\/index.php?rest_route=\/wp\/v2\/users\/1"}],"replies":[{"embeddable":true,"href":"http:\/\/www.ristorantedeipescatori.it\/index.php?rest_route=%2Fwp%2Fv2%2Fcomments&post=166"}],"version-history":[{"count":3,"href":"http:\/\/www.ristorantedeipescatori.it\/index.php?rest_route=\/wp\/v2\/pages\/166\/revisions"}],"predecessor-version":[{"id":171,"href":"http:\/\/www.ristorantedeipescatori.it\/index.php?rest_route=\/wp\/v2\/pages\/166\/revisions\/171"}],"wp:attachment":[{"href":"http:\/\/www.ristorantedeipescatori.it\/index.php?rest_route=%2Fwp%2Fv2%2Fmedia&parent=166"}],"curies":[{"name":"wp","href":"https:\/\/api.w.org\/{rel}","templated":true}]}}